{"id":73,"date":"2018-03-05T01:19:29","date_gmt":"2018-03-05T01:19:29","guid":{"rendered":"https:\/\/gpsites.co\/sider\/?page_id=73"},"modified":"2025-01-28T11:09:16","modified_gmt":"2025-01-28T10:09:16","slug":"contact","status":"publish","type":"page","link":"https:\/\/channelmusic.de\/en\/contact\/","title":{"rendered":"Contact"},"content":{"rendered":"<p class=\"translation-block\">Would you like to say hello? Want to know more about us?<br>Send us an e-mail and we'll get back to you as soon as possible.<\/p>\n\n\n\n<div style=\"height:25px\" aria-hidden=\"true\" class=\"wp-block-spacer\"><\/div>\n\n\n\n<div class=\"wp-block-columns contact-columns is-layout-flex wp-container-core-columns-is-layout-9d6595d7 wp-block-columns-is-layout-flex\">\n<div class=\"wp-block-column is-layout-flow wp-block-column-is-layout-flow\">\n<i class=\"fa-lg fa fa-map-o\"><\/i>\n\n\n\n<h3 class=\"wp-block-heading\">Address<\/h3>\n\n\n\n<p>Channel Music GmbH<br>Gleditschstra\u00dfe 79<br>D-10823 Berlin<\/p>\n<\/div>\n\n\n\n<div class=\"wp-block-column is-layout-flow wp-block-column-is-layout-flow\">\n<i class=\"fa-lg fa fa-envelope-o\"><\/i>\n\n\n\n<h3 class=\"wp-block-heading\">Email<\/h3>\n\n\n\n<p><a href=\"mailto:info@channelmusic.de\">info@channelmusic.de<\/a><\/p>\n<\/div>\n<\/div>","protected":false},"excerpt":{"rendered":"<p>M\u00f6chtest du Hallo sagen? M\u00f6chtest du mehr \u00fcber uns wissen?Schicke uns eine E-Mail und wir melden uns umgehend bei dir. &#8230; <\/p>\n<p class=\"read-more-container\"><a title=\"Contact\" class=\"read-more button\" href=\"https:\/\/channelmusic.de\/en\/contact\/#more-73\" aria-label=\"Read more about Kontakt\">Information<\/a><\/p>","protected":false},"author":2,"featured_media":0,"parent":0,"menu_order":0,"comment_status":"closed","ping_status":"closed","template":"","meta":{"_acf_changed":false,"footnotes":""},"class_list":{"0":"post-73","1":"page","2":"type-page","3":"status-publish","5":"infinite-scroll-item","6":"no-featured-image-padding"},"acf":[],"yoast_head":"<!-- This site is optimized with the Yoast SEO plugin v27.4 - https:\/\/yoast.com\/product\/yoast-seo-wordpress\/ -->\n<title>Kontakt - Channel Music<\/title>\n<meta name=\"robots\" content=\"index, follow, max-snippet:-1, max-image-preview:large, max-video-preview:-1\" \/>\n<link rel=\"canonical\" href=\"https:\/\/channelmusic.de\/en\/contact\/\" \/>\n<meta property=\"og:locale\" content=\"en_GB\" \/>\n<meta property=\"og:type\" content=\"article\" \/>\n<meta property=\"og:title\" content=\"Kontakt - Channel Music\" \/>\n<meta property=\"og:description\" content=\"M\u00f6chtest du Hallo sagen? M\u00f6chtest du mehr \u00fcber uns wissen?Schicke uns eine E-Mail und wir melden uns umgehend bei dir. ... Informationen\" \/>\n<meta property=\"og:url\" content=\"https:\/\/channelmusic.de\/en\/contact\/\" \/>\n<meta property=\"og:site_name\" content=\"Channel Music\" \/>\n<meta property=\"article:modified_time\" content=\"2025-01-28T10:09:16+00:00\" \/>\n<meta name=\"twitter:card\" content=\"summary_large_image\" \/>\n<meta name=\"twitter:label1\" content=\"Estimated reading time\" \/>\n\t<meta name=\"twitter:data1\" content=\"1 minute\" \/>\n<script type=\"application\/ld+json\" class=\"yoast-schema-graph\">{\"@context\":\"https:\\\/\\\/schema.org\",\"@graph\":[{\"@type\":\"WebPage\",\"@id\":\"https:\\\/\\\/channelmusic.de\\\/contact\\\/\",\"url\":\"https:\\\/\\\/channelmusic.de\\\/contact\\\/\",\"name\":\"Kontakt - Channel Music\",\"isPartOf\":{\"@id\":\"https:\\\/\\\/channelmusic.de\\\/#website\"},\"datePublished\":\"2018-03-05T01:19:29+00:00\",\"dateModified\":\"2025-01-28T10:09:16+00:00\",\"breadcrumb\":{\"@id\":\"https:\\\/\\\/channelmusic.de\\\/contact\\\/#breadcrumb\"},\"inLanguage\":\"en-GB\",\"potentialAction\":[{\"@type\":\"ReadAction\",\"target\":[\"https:\\\/\\\/channelmusic.de\\\/contact\\\/\"]}]},{\"@type\":\"BreadcrumbList\",\"@id\":\"https:\\\/\\\/channelmusic.de\\\/contact\\\/#breadcrumb\",\"itemListElement\":[{\"@type\":\"ListItem\",\"position\":1,\"name\":\"Startseite\",\"item\":\"https:\\\/\\\/channelmusic.de\\\/\"},{\"@type\":\"ListItem\",\"position\":2,\"name\":\"Kontakt\"}]},{\"@type\":\"WebSite\",\"@id\":\"https:\\\/\\\/channelmusic.de\\\/#website\",\"url\":\"https:\\\/\\\/channelmusic.de\\\/\",\"name\":\"Channel Music\",\"description\":\"Venues for Events\",\"publisher\":{\"@id\":\"https:\\\/\\\/channelmusic.de\\\/#organization\"},\"potentialAction\":[{\"@type\":\"SearchAction\",\"target\":{\"@type\":\"EntryPoint\",\"urlTemplate\":\"https:\\\/\\\/channelmusic.de\\\/?s={search_term_string}\"},\"query-input\":{\"@type\":\"PropertyValueSpecification\",\"valueRequired\":true,\"valueName\":\"search_term_string\"}}],\"inLanguage\":\"en-GB\"},{\"@type\":\"Organization\",\"@id\":\"https:\\\/\\\/channelmusic.de\\\/#organization\",\"name\":\"Channel Music GmbH\",\"url\":\"https:\\\/\\\/channelmusic.de\\\/\",\"logo\":{\"@type\":\"ImageObject\",\"inLanguage\":\"en-GB\",\"@id\":\"https:\\\/\\\/channelmusic.de\\\/#\\\/schema\\\/logo\\\/image\\\/\",\"url\":\"https:\\\/\\\/channelmusic.de\\\/wp-content\\\/uploads\\\/2021\\\/06\\\/channelmusic_logo_CMYK_W.png\",\"contentUrl\":\"https:\\\/\\\/channelmusic.de\\\/wp-content\\\/uploads\\\/2021\\\/06\\\/channelmusic_logo_CMYK_W.png\",\"width\":2500,\"height\":507,\"caption\":\"Channel Music GmbH\"},\"image\":{\"@id\":\"https:\\\/\\\/channelmusic.de\\\/#\\\/schema\\\/logo\\\/image\\\/\"}}]}<\/script>\n<!-- \/ Yoast SEO plugin. -->","yoast_head_json":{"title":"Kontakt - Channel Music","robots":{"index":"index","follow":"follow","max-snippet":"max-snippet:-1","max-image-preview":"max-image-preview:large","max-video-preview":"max-video-preview:-1"},"canonical":"https:\/\/channelmusic.de\/en\/contact\/","og_locale":"en_GB","og_type":"article","og_title":"Kontakt - Channel Music","og_description":"M\u00f6chtest du Hallo sagen? M\u00f6chtest du mehr \u00fcber uns wissen?Schicke uns eine E-Mail und wir melden uns umgehend bei dir. ... Informationen","og_url":"https:\/\/channelmusic.de\/en\/contact\/","og_site_name":"Channel Music","article_modified_time":"2025-01-28T10:09:16+00:00","twitter_card":"summary_large_image","twitter_misc":{"Estimated reading time":"1 minute"},"schema":{"@context":"https:\/\/schema.org","@graph":[{"@type":"WebPage","@id":"https:\/\/channelmusic.de\/contact\/","url":"https:\/\/channelmusic.de\/contact\/","name":"Kontakt - Channel Music","isPartOf":{"@id":"https:\/\/channelmusic.de\/#website"},"datePublished":"2018-03-05T01:19:29+00:00","dateModified":"2025-01-28T10:09:16+00:00","breadcrumb":{"@id":"https:\/\/channelmusic.de\/contact\/#breadcrumb"},"inLanguage":"en-GB","potentialAction":[{"@type":"ReadAction","target":["https:\/\/channelmusic.de\/contact\/"]}]},{"@type":"BreadcrumbList","@id":"https:\/\/channelmusic.de\/contact\/#breadcrumb","itemListElement":[{"@type":"ListItem","position":1,"name":"Startseite","item":"https:\/\/channelmusic.de\/"},{"@type":"ListItem","position":2,"name":"Kontakt"}]},{"@type":"WebSite","@id":"https:\/\/channelmusic.de\/#website","url":"https:\/\/channelmusic.de\/","name":"Channel Music","description":"Venues for Events","publisher":{"@id":"https:\/\/channelmusic.de\/#organization"},"potentialAction":[{"@type":"SearchAction","target":{"@type":"EntryPoint","urlTemplate":"https:\/\/channelmusic.de\/?s={search_term_string}"},"query-input":{"@type":"PropertyValueSpecification","valueRequired":true,"valueName":"search_term_string"}}],"inLanguage":"en-GB"},{"@type":"Organization","@id":"https:\/\/channelmusic.de\/#organization","name":"Channel Music GmbH","url":"https:\/\/channelmusic.de\/","logo":{"@type":"ImageObject","inLanguage":"en-GB","@id":"https:\/\/channelmusic.de\/#\/schema\/logo\/image\/","url":"https:\/\/channelmusic.de\/wp-content\/uploads\/2021\/06\/channelmusic_logo_CMYK_W.png","contentUrl":"https:\/\/channelmusic.de\/wp-content\/uploads\/2021\/06\/channelmusic_logo_CMYK_W.png","width":2500,"height":507,"caption":"Channel Music GmbH"},"image":{"@id":"https:\/\/channelmusic.de\/#\/schema\/logo\/image\/"}}]}},"_links":{"self":[{"href":"https:\/\/channelmusic.de\/en\/wp-json\/wp\/v2\/pages\/73","targetHints":{"allow":["GET"]}}],"collection":[{"href":"https:\/\/channelmusic.de\/en\/wp-json\/wp\/v2\/pages"}],"about":[{"href":"https:\/\/channelmusic.de\/en\/wp-json\/wp\/v2\/types\/page"}],"author":[{"embeddable":true,"href":"https:\/\/channelmusic.de\/en\/wp-json\/wp\/v2\/users\/2"}],"replies":[{"embeddable":true,"href":"https:\/\/channelmusic.de\/en\/wp-json\/wp\/v2\/comments?post=73"}],"version-history":[{"count":16,"href":"https:\/\/channelmusic.de\/en\/wp-json\/wp\/v2\/pages\/73\/revisions"}],"predecessor-version":[{"id":699,"href":"https:\/\/channelmusic.de\/en\/wp-json\/wp\/v2\/pages\/73\/revisions\/699"}],"wp:attachment":[{"href":"https:\/\/channelmusic.de\/en\/wp-json\/wp\/v2\/media?parent=73"}],"curies":[{"name":"wp","href":"https:\/\/api.w.org\/{rel}","templated":true}]}}