{"id":136,"date":"2019-11-05T20:55:01","date_gmt":"2019-11-05T19:55:01","guid":{"rendered":"https:\/\/channelmusic.de\/?page_id=136"},"modified":"2021-09-15T16:46:10","modified_gmt":"2021-09-15T14:46:10","slug":"about-us","status":"publish","type":"page","link":"https:\/\/channelmusic.de\/en\/about-us\/","title":{"rendered":"About us"},"content":{"rendered":"<p class=\"translation-block\"><strong>Channel Music GmbH<\/strong> is the catering operator of some of Berlin's most exciting concert venues and open-air stages: Huxleys Neue Welt, the reopened Metropol Berlin, the Quasimodo, which has been in existence since 1975, the brand new Hole\u2074\u2074, as well as the Citadel Music Festival.<\/p>\n\n\n\n<p>Our venues host the entire spectrum of Berlin live music: in the last three years alone, bands such as FOALS, K.I.Z., Cage The Elephant, Kraftklub, Eskimo Callboy, Good Charlotte, Balthazar, Clueso, Madsen, Halsey, Black Pumas and MGMT have performed on our stages. The concert programme is varied - from intimate shows with 150 people to large concerts with up to 1600 people.<\/p>","protected":false},"excerpt":{"rendered":"<p>Die&nbsp;Channel Music GmbH&nbsp;ist gastronomischer Betreiber einiger der spannendsten Konzerth\u00e4usern und Open Air B\u00fchnen Berlins: Huxleys Neue Welt, das wiederer\u00f6ffnete Metropol &#8230; <\/p>\n<p class=\"read-more-container\"><a title=\"About us\" class=\"read-more button\" href=\"https:\/\/channelmusic.de\/en\/about-us\/#more-136\" aria-label=\"Read more about \u00dcber uns\">Information<\/a><\/p>","protected":false},"author":2,"featured_media":476,"parent":0,"menu_order":0,"comment_status":"closed","ping_status":"closed","template":"","meta":{"_acf_changed":false,"footnotes":""},"class_list":{"0":"post-136","1":"page","2":"type-page","3":"status-publish","4":"has-post-thumbnail","6":"infinite-scroll-item","7":"no-featured-image-padding"},"acf":[],"yoast_head":"<!-- This site is optimized with the Yoast SEO plugin v27.3 - https:\/\/yoast.com\/product\/yoast-seo-wordpress\/ -->\n<title>\u00dcber uns - Channel Music<\/title>\n<meta name=\"robots\" content=\"index, follow, max-snippet:-1, max-image-preview:large, max-video-preview:-1\" \/>\n<link rel=\"canonical\" href=\"https:\/\/channelmusic.de\/en\/about-us\/\" \/>\n<meta property=\"og:locale\" content=\"en_GB\" \/>\n<meta property=\"og:type\" content=\"article\" \/>\n<meta property=\"og:title\" content=\"\u00dcber uns - Channel Music\" \/>\n<meta property=\"og:description\" content=\"Die&nbsp;Channel Music GmbH&nbsp;ist gastronomischer Betreiber einiger der spannendsten Konzerth\u00e4usern und Open Air B\u00fchnen Berlins: Huxleys Neue Welt, das wiederer\u00f6ffnete Metropol ... Informationen\" \/>\n<meta property=\"og:url\" content=\"https:\/\/channelmusic.de\/en\/about-us\/\" \/>\n<meta property=\"og:site_name\" content=\"Channel Music\" \/>\n<meta property=\"article:modified_time\" content=\"2021-09-15T14:46:10+00:00\" \/>\n<meta property=\"og:image\" content=\"https:\/\/channelmusic.de\/wp-content\/uploads\/2021\/09\/channel-music-collage.jpg\" \/>\n\t<meta property=\"og:image:width\" content=\"1300\" \/>\n\t<meta property=\"og:image:height\" content=\"867\" \/>\n\t<meta property=\"og:image:type\" content=\"image\/jpeg\" \/>\n<meta name=\"twitter:card\" content=\"summary_large_image\" \/>\n<meta name=\"twitter:label1\" content=\"Estimated reading time\" \/>\n\t<meta name=\"twitter:data1\" content=\"1 minute\" \/>\n<script type=\"application\/ld+json\" class=\"yoast-schema-graph\">{\"@context\":\"https:\\\/\\\/schema.org\",\"@graph\":[{\"@type\":\"WebPage\",\"@id\":\"https:\\\/\\\/channelmusic.de\\\/about-us\\\/\",\"url\":\"https:\\\/\\\/channelmusic.de\\\/about-us\\\/\",\"name\":\"\u00dcber uns - Channel Music\",\"isPartOf\":{\"@id\":\"https:\\\/\\\/channelmusic.de\\\/#website\"},\"primaryImageOfPage\":{\"@id\":\"https:\\\/\\\/channelmusic.de\\\/about-us\\\/#primaryimage\"},\"image\":{\"@id\":\"https:\\\/\\\/channelmusic.de\\\/about-us\\\/#primaryimage\"},\"thumbnailUrl\":\"https:\\\/\\\/channelmusic.de\\\/wp-content\\\/uploads\\\/2021\\\/09\\\/channel-music-collage.jpg\",\"datePublished\":\"2019-11-05T19:55:01+00:00\",\"dateModified\":\"2021-09-15T14:46:10+00:00\",\"breadcrumb\":{\"@id\":\"https:\\\/\\\/channelmusic.de\\\/about-us\\\/#breadcrumb\"},\"inLanguage\":\"en-GB\",\"potentialAction\":[{\"@type\":\"ReadAction\",\"target\":[\"https:\\\/\\\/channelmusic.de\\\/about-us\\\/\"]}]},{\"@type\":\"ImageObject\",\"inLanguage\":\"en-GB\",\"@id\":\"https:\\\/\\\/channelmusic.de\\\/about-us\\\/#primaryimage\",\"url\":\"https:\\\/\\\/channelmusic.de\\\/wp-content\\\/uploads\\\/2021\\\/09\\\/channel-music-collage.jpg\",\"contentUrl\":\"https:\\\/\\\/channelmusic.de\\\/wp-content\\\/uploads\\\/2021\\\/09\\\/channel-music-collage.jpg\",\"width\":1300,\"height\":867},{\"@type\":\"BreadcrumbList\",\"@id\":\"https:\\\/\\\/channelmusic.de\\\/about-us\\\/#breadcrumb\",\"itemListElement\":[{\"@type\":\"ListItem\",\"position\":1,\"name\":\"Startseite\",\"item\":\"https:\\\/\\\/channelmusic.de\\\/\"},{\"@type\":\"ListItem\",\"position\":2,\"name\":\"\u00dcber uns\"}]},{\"@type\":\"WebSite\",\"@id\":\"https:\\\/\\\/channelmusic.de\\\/#website\",\"url\":\"https:\\\/\\\/channelmusic.de\\\/\",\"name\":\"Channel Music\",\"description\":\"Venues for Events\",\"publisher\":{\"@id\":\"https:\\\/\\\/channelmusic.de\\\/#organization\"},\"potentialAction\":[{\"@type\":\"SearchAction\",\"target\":{\"@type\":\"EntryPoint\",\"urlTemplate\":\"https:\\\/\\\/channelmusic.de\\\/?s={search_term_string}\"},\"query-input\":{\"@type\":\"PropertyValueSpecification\",\"valueRequired\":true,\"valueName\":\"search_term_string\"}}],\"inLanguage\":\"en-GB\"},{\"@type\":\"Organization\",\"@id\":\"https:\\\/\\\/channelmusic.de\\\/#organization\",\"name\":\"Channel Music GmbH\",\"url\":\"https:\\\/\\\/channelmusic.de\\\/\",\"logo\":{\"@type\":\"ImageObject\",\"inLanguage\":\"en-GB\",\"@id\":\"https:\\\/\\\/channelmusic.de\\\/#\\\/schema\\\/logo\\\/image\\\/\",\"url\":\"https:\\\/\\\/channelmusic.de\\\/wp-content\\\/uploads\\\/2021\\\/06\\\/channelmusic_logo_CMYK_W.png\",\"contentUrl\":\"https:\\\/\\\/channelmusic.de\\\/wp-content\\\/uploads\\\/2021\\\/06\\\/channelmusic_logo_CMYK_W.png\",\"width\":2500,\"height\":507,\"caption\":\"Channel Music GmbH\"},\"image\":{\"@id\":\"https:\\\/\\\/channelmusic.de\\\/#\\\/schema\\\/logo\\\/image\\\/\"}}]}<\/script>\n<!-- \/ Yoast SEO plugin. -->","yoast_head_json":{"title":"\u00dcber uns - Channel Music","robots":{"index":"index","follow":"follow","max-snippet":"max-snippet:-1","max-image-preview":"max-image-preview:large","max-video-preview":"max-video-preview:-1"},"canonical":"https:\/\/channelmusic.de\/en\/about-us\/","og_locale":"en_GB","og_type":"article","og_title":"\u00dcber uns - Channel Music","og_description":"Die&nbsp;Channel Music GmbH&nbsp;ist gastronomischer Betreiber einiger der spannendsten Konzerth\u00e4usern und Open Air B\u00fchnen Berlins: Huxleys Neue Welt, das wiederer\u00f6ffnete Metropol ... Informationen","og_url":"https:\/\/channelmusic.de\/en\/about-us\/","og_site_name":"Channel Music","article_modified_time":"2021-09-15T14:46:10+00:00","og_image":[{"width":1300,"height":867,"url":"https:\/\/channelmusic.de\/wp-content\/uploads\/2021\/09\/channel-music-collage.jpg","type":"image\/jpeg"}],"twitter_card":"summary_large_image","twitter_misc":{"Estimated reading time":"1 minute"},"schema":{"@context":"https:\/\/schema.org","@graph":[{"@type":"WebPage","@id":"https:\/\/channelmusic.de\/about-us\/","url":"https:\/\/channelmusic.de\/about-us\/","name":"\u00dcber uns - Channel Music","isPartOf":{"@id":"https:\/\/channelmusic.de\/#website"},"primaryImageOfPage":{"@id":"https:\/\/channelmusic.de\/about-us\/#primaryimage"},"image":{"@id":"https:\/\/channelmusic.de\/about-us\/#primaryimage"},"thumbnailUrl":"https:\/\/channelmusic.de\/wp-content\/uploads\/2021\/09\/channel-music-collage.jpg","datePublished":"2019-11-05T19:55:01+00:00","dateModified":"2021-09-15T14:46:10+00:00","breadcrumb":{"@id":"https:\/\/channelmusic.de\/about-us\/#breadcrumb"},"inLanguage":"en-GB","potentialAction":[{"@type":"ReadAction","target":["https:\/\/channelmusic.de\/about-us\/"]}]},{"@type":"ImageObject","inLanguage":"en-GB","@id":"https:\/\/channelmusic.de\/about-us\/#primaryimage","url":"https:\/\/channelmusic.de\/wp-content\/uploads\/2021\/09\/channel-music-collage.jpg","contentUrl":"https:\/\/channelmusic.de\/wp-content\/uploads\/2021\/09\/channel-music-collage.jpg","width":1300,"height":867},{"@type":"BreadcrumbList","@id":"https:\/\/channelmusic.de\/about-us\/#breadcrumb","itemListElement":[{"@type":"ListItem","position":1,"name":"Startseite","item":"https:\/\/channelmusic.de\/"},{"@type":"ListItem","position":2,"name":"\u00dcber uns"}]},{"@type":"WebSite","@id":"https:\/\/channelmusic.de\/#website","url":"https:\/\/channelmusic.de\/","name":"Channel Music","description":"Venues for Events","publisher":{"@id":"https:\/\/channelmusic.de\/#organization"},"potentialAction":[{"@type":"SearchAction","target":{"@type":"EntryPoint","urlTemplate":"https:\/\/channelmusic.de\/?s={search_term_string}"},"query-input":{"@type":"PropertyValueSpecification","valueRequired":true,"valueName":"search_term_string"}}],"inLanguage":"en-GB"},{"@type":"Organization","@id":"https:\/\/channelmusic.de\/#organization","name":"Channel Music GmbH","url":"https:\/\/channelmusic.de\/","logo":{"@type":"ImageObject","inLanguage":"en-GB","@id":"https:\/\/channelmusic.de\/#\/schema\/logo\/image\/","url":"https:\/\/channelmusic.de\/wp-content\/uploads\/2021\/06\/channelmusic_logo_CMYK_W.png","contentUrl":"https:\/\/channelmusic.de\/wp-content\/uploads\/2021\/06\/channelmusic_logo_CMYK_W.png","width":2500,"height":507,"caption":"Channel Music GmbH"},"image":{"@id":"https:\/\/channelmusic.de\/#\/schema\/logo\/image\/"}}]}},"_links":{"self":[{"href":"https:\/\/channelmusic.de\/en\/wp-json\/wp\/v2\/pages\/136","targetHints":{"allow":["GET"]}}],"collection":[{"href":"https:\/\/channelmusic.de\/en\/wp-json\/wp\/v2\/pages"}],"about":[{"href":"https:\/\/channelmusic.de\/en\/wp-json\/wp\/v2\/types\/page"}],"author":[{"embeddable":true,"href":"https:\/\/channelmusic.de\/en\/wp-json\/wp\/v2\/users\/2"}],"replies":[{"embeddable":true,"href":"https:\/\/channelmusic.de\/en\/wp-json\/wp\/v2\/comments?post=136"}],"version-history":[{"count":4,"href":"https:\/\/channelmusic.de\/en\/wp-json\/wp\/v2\/pages\/136\/revisions"}],"predecessor-version":[{"id":474,"href":"https:\/\/channelmusic.de\/en\/wp-json\/wp\/v2\/pages\/136\/revisions\/474"}],"wp:featuredmedia":[{"embeddable":true,"href":"https:\/\/channelmusic.de\/en\/wp-json\/wp\/v2\/media\/476"}],"wp:attachment":[{"href":"https:\/\/channelmusic.de\/en\/wp-json\/wp\/v2\/media?parent=136"}],"curies":[{"name":"wp","href":"https:\/\/api.w.org\/{rel}","templated":true}]}}